{"id":1925,"date":"2020-07-22T11:53:36","date_gmt":"2020-07-22T11:53:36","guid":{"rendered":"https:\/\/von-direkt-vor-der-tuer.de\/?page_id=1925"},"modified":"2020-07-30T08:20:12","modified_gmt":"2020-07-30T08:20:12","slug":"lieblingsplatz","status":"publish","type":"page","link":"https:\/\/www.von-direkt-vor-der-tuer.de\/index.php\/lieblingsplatz\/","title":{"rendered":"#Lieblingsplatz"},"content":{"rendered":"\t\t<div data-elementor-type=\"wp-post\" data-elementor-id=\"1925\" class=\"elementor elementor-1925\">\n\t\t\t\t\t\t<section data-angle=\"57deg\" data-color=\"#A9CA2B,#99CEF1,#D296C2,#ED8700,#FEEA50\" class=\"has_eae_slider elementor-section elementor-top-section elementor-element elementor-element-0b08cf0 elementor-section-content-middle elementor-section-stretched elementor-section-height-min-height eae-animated-gradient-yes elementor-section-boxed elementor-section-height-default elementor-section-items-middle\" data-eae-slider=\"84511\" data-id=\"0b08cf0\" data-element_type=\"section\" data-e-type=\"section\" data-settings=\"{&quot;background_background&quot;:&quot;slideshow&quot;,&quot;stretch_section&quot;:&quot;section-stretched&quot;,&quot;background_slideshow_gallery&quot;:[],&quot;background_slideshow_loop&quot;:&quot;yes&quot;,&quot;background_slideshow_slide_duration&quot;:5000,&quot;background_slideshow_slide_transition&quot;:&quot;fade&quot;,&quot;background_slideshow_transition_duration&quot;:500}\">\n\t\t\t\t\t\t\t<div class=\"elementor-background-overlay\"><\/div>\n\t\t\t\t\t\t\t<div class=\"elementor-container elementor-column-gap-default\">\n\t\t\t\t\t<div class=\"has_eae_slider elementor-column elementor-col-100 elementor-top-column elementor-element elementor-element-7703abf\" data-eae-slider=\"14976\" data-id=\"7703abf\" data-element_type=\"column\" data-e-type=\"column\" data-settings=\"{&quot;background_background&quot;:&quot;classic&quot;}\">\n\t\t\t<div class=\"elementor-widget-wrap elementor-element-populated\">\n\t\t\t\t\t\t<div class=\"elementor-element elementor-element-e7a9136 elementor-widget elementor-widget-image\" data-id=\"e7a9136\" data-element_type=\"widget\" data-e-type=\"widget\" data-widget_type=\"image.default\">\n\t\t\t\t<div class=\"elementor-widget-container\">\n\t\t\t\t\t\t\t\t\t\t\t\t\t\t\t<img fetchpriority=\"high\" decoding=\"async\" width=\"768\" height=\"545\" src=\"https:\/\/www.von-direkt-vor-der-tuer.de\/wp-content\/uploads\/2020\/07\/lieblingsplatz-768x545.png\" class=\"attachment-medium_large size-medium_large wp-image-2055\" alt=\"das Wort Lieblingspplatz geschrieben mit bunten Farbverlauf\" srcset=\"https:\/\/www.von-direkt-vor-der-tuer.de\/wp-content\/uploads\/2020\/07\/lieblingsplatz-768x545.png 768w, https:\/\/www.von-direkt-vor-der-tuer.de\/wp-content\/uploads\/2020\/07\/lieblingsplatz-300x213.png 300w, https:\/\/www.von-direkt-vor-der-tuer.de\/wp-content\/uploads\/2020\/07\/lieblingsplatz-1024x726.png 1024w, https:\/\/www.von-direkt-vor-der-tuer.de\/wp-content\/uploads\/2020\/07\/lieblingsplatz-1536x1090.png 1536w, https:\/\/www.von-direkt-vor-der-tuer.de\/wp-content\/uploads\/2020\/07\/lieblingsplatz-2048x1453.png 2048w\" sizes=\"(max-width: 768px) 100vw, 768px\" \/>\t\t\t\t\t\t\t\t\t\t\t\t\t\t\t<\/div>\n\t\t\t\t<\/div>\n\t\t\t\t\t<\/div>\n\t\t<\/div>\n\t\t\t\t\t<\/div>\n\t\t<\/section>\n\t\t\t\t<section class=\"has_eae_slider elementor-section elementor-top-section elementor-element elementor-element-f4dc7ff elementor-section-boxed elementor-section-height-default elementor-section-height-default\" data-eae-slider=\"61695\" data-id=\"f4dc7ff\" data-element_type=\"section\" data-e-type=\"section\">\n\t\t\t\t\t\t<div class=\"elementor-container elementor-column-gap-default\">\n\t\t\t\t\t<div class=\"has_eae_slider elementor-column elementor-col-100 elementor-top-column elementor-element elementor-element-086bef1\" data-eae-slider=\"86982\" data-id=\"086bef1\" data-element_type=\"column\" data-e-type=\"column\">\n\t\t\t<div class=\"elementor-widget-wrap elementor-element-populated\">\n\t\t\t\t\t\t<div class=\"elementor-element elementor-element-8a7f6a9 elementor-widget elementor-widget-heading\" data-id=\"8a7f6a9\" data-element_type=\"widget\" data-e-type=\"widget\" data-widget_type=\"heading.default\">\n\t\t\t\t<div class=\"elementor-widget-container\">\n\t\t\t\t\t<h2 class=\"elementor-heading-title elementor-size-default\">Ausgew\u00e4hlte Geheimtipps und <br>unsere #lieblingspl\u00e4tze im M\u00fcnsterland<\/h2>\t\t\t\t<\/div>\n\t\t\t\t<\/div>\n\t\t\t\t<div class=\"elementor-element elementor-element-9b18e37 elementor-widget elementor-widget-spacer\" data-id=\"9b18e37\" data-element_type=\"widget\" data-e-type=\"widget\" data-widget_type=\"spacer.default\">\n\t\t\t\t<div class=\"elementor-widget-container\">\n\t\t\t\t\t\t\t<div class=\"elementor-spacer\">\n\t\t\t<div class=\"elementor-spacer-inner\"><\/div>\n\t\t<\/div>\n\t\t\t\t\t\t<\/div>\n\t\t\t\t<\/div>\n\t\t\t\t\t<\/div>\n\t\t<\/div>\n\t\t\t\t\t<\/div>\n\t\t<\/section>\n\t\t\t\t<section class=\"has_eae_slider elementor-section elementor-top-section elementor-element elementor-element-379662b elementor-section-boxed elementor-section-height-default elementor-section-height-default\" data-eae-slider=\"34518\" data-id=\"379662b\" data-element_type=\"section\" data-e-type=\"section\">\n\t\t\t\t\t\t<div class=\"elementor-container elementor-column-gap-default\">\n\t\t\t\t\t<div class=\"has_eae_slider elementor-column elementor-col-100 elementor-top-column elementor-element elementor-element-23ee2c7\" data-eae-slider=\"16631\" data-id=\"23ee2c7\" data-element_type=\"column\" data-e-type=\"column\">\n\t\t\t<div class=\"elementor-widget-wrap elementor-element-populated\">\n\t\t\t\t\t\t<div class=\"elementor-element elementor-element-cf88b06 elementor-grid-eael-col-4 elementor-grid-tablet-eael-col-2 elementor-grid-mobile-eael-col-1 elementor-widget elementor-widget-eael-post-grid\" data-id=\"cf88b06\" data-element_type=\"widget\" data-e-type=\"widget\" data-settings=\"{&quot;eael_post_grid_columns&quot;:&quot;eael-col-4&quot;,&quot;eael_post_grid_columns_tablet&quot;:&quot;eael-col-2&quot;,&quot;eael_post_grid_columns_mobile&quot;:&quot;eael-col-1&quot;}\" data-widget_type=\"eael-post-grid.default\">\n\t\t\t\t<div class=\"elementor-widget-container\">\n\t\t\t\t\t<div id=\"eael-post-grid-cf88b06\" class=\"eael-post-grid-container\">\n            <div class=\"eael-post-grid eael-post-appender eael-post-appender-cf88b06 eael-post-grid-style-one\" data-layout-mode=\"masonry\"><article class=\"eael-grid-post  eael-post-grid-column eael-pg-post-2605 category-wanderlust\" data-id=\"2605\">\n        <div class=\"eael-grid-post-holder\">\n            <div class=\"eael-grid-post-holder-inner\"><div class=\"eael-entry-media\"><div class=\"eael-entry-overlay fade-in\"><i class=\"fas fa-long-arrow-alt-right\" aria-hidden=\"true\"><\/i><a href=\"https:\/\/www.von-direkt-vor-der-tuer.de\/index.php\/2020\/12\/14\/lichterfest-bei-loebke\/\"><\/a><\/div><div class=\"eael-entry-thumbnail \">\n                <img decoding=\"async\" width=\"300\" height=\"225\" src=\"https:\/\/www.von-direkt-vor-der-tuer.de\/wp-content\/uploads\/2020\/12\/IMG_3280-300x225.png\" class=\"attachment-medium size-medium wp-image-2618\" alt=\"\" srcset=\"https:\/\/www.von-direkt-vor-der-tuer.de\/wp-content\/uploads\/2020\/12\/IMG_3280-300x225.png 300w, https:\/\/www.von-direkt-vor-der-tuer.de\/wp-content\/uploads\/2020\/12\/IMG_3280-768x576.png 768w, https:\/\/www.von-direkt-vor-der-tuer.de\/wp-content\/uploads\/2020\/12\/IMG_3280.png 806w\" sizes=\"(max-width: 300px) 100vw, 300px\" \/>\n            <\/div>\n        <\/div><div class=\"eael-entry-wrapper\"><header class=\"eael-entry-header\"><h2 class=\"eael-entry-title\"><a class=\"eael-grid-post-link\" href=\"https:\/\/www.von-direkt-vor-der-tuer.de\/index.php\/2020\/12\/14\/lichterfest-bei-loebke\/\" title=\"Lichterfest bei L\u00f6bke\">Lichterfest bei L\u00f6bke<\/a><\/h2><\/header><div class=\"eael-entry-content\">\n                        <div class=\"eael-grid-post-excerpt\"><p>Lichterfest bei L\u00f6bke Es weihnachtet sehr in Ibbenb\u00fcren-Laggenbeck. Auf dem...<\/p><a href=\"https:\/\/www.von-direkt-vor-der-tuer.de\/index.php\/2020\/12\/14\/lichterfest-bei-loebke\/\" class=\"eael-post-elements-readmore-btn\">Mehr<\/a><\/div>\n                    <\/div><\/div><\/div>\n        <\/div>\n    <\/article><article class=\"eael-grid-post  eael-post-grid-column eael-pg-post-2340 category-bummeln\" data-id=\"2340\">\n        <div class=\"eael-grid-post-holder\">\n            <div class=\"eael-grid-post-holder-inner\"><div class=\"eael-entry-media\"><div class=\"eael-entry-overlay fade-in\"><i class=\"fas fa-long-arrow-alt-right\" aria-hidden=\"true\"><\/i><a href=\"https:\/\/www.von-direkt-vor-der-tuer.de\/index.php\/2020\/07\/28\/stadtpark_emsdetten\/\"><\/a><\/div><div class=\"eael-entry-thumbnail \">\n                <img decoding=\"async\" width=\"300\" height=\"200\" src=\"https:\/\/www.von-direkt-vor-der-tuer.de\/wp-content\/uploads\/2020\/07\/142-Kopie-300x200.jpg\" class=\"attachment-medium size-medium wp-image-2316\" alt=\"\" srcset=\"https:\/\/www.von-direkt-vor-der-tuer.de\/wp-content\/uploads\/2020\/07\/142-Kopie-300x200.jpg 300w, https:\/\/www.von-direkt-vor-der-tuer.de\/wp-content\/uploads\/2020\/07\/142-Kopie-1024x684.jpg 1024w, https:\/\/www.von-direkt-vor-der-tuer.de\/wp-content\/uploads\/2020\/07\/142-Kopie-768x513.jpg 768w, https:\/\/www.von-direkt-vor-der-tuer.de\/wp-content\/uploads\/2020\/07\/142-Kopie-1536x1025.jpg 1536w, https:\/\/www.von-direkt-vor-der-tuer.de\/wp-content\/uploads\/2020\/07\/142-Kopie-2048x1367.jpg 2048w\" sizes=\"(max-width: 300px) 100vw, 300px\" \/>\n            <\/div>\n        <\/div><div class=\"eael-entry-wrapper\"><header class=\"eael-entry-header\"><h2 class=\"eael-entry-title\"><a class=\"eael-grid-post-link\" href=\"https:\/\/www.von-direkt-vor-der-tuer.de\/index.php\/2020\/07\/28\/stadtpark_emsdetten\/\" title=\"Stadtpark Emsdetten\">Stadtpark Emsdetten<\/a><\/h2><\/header><div class=\"eael-entry-content\">\n                        <div class=\"eael-grid-post-excerpt\"><p>Der Stadtpark in Emsdetten Ausflugsziel f\u00fcr Klein und Gro\u00df. Im...<\/p><a href=\"https:\/\/www.von-direkt-vor-der-tuer.de\/index.php\/2020\/07\/28\/stadtpark_emsdetten\/\" class=\"eael-post-elements-readmore-btn\">Mehr<\/a><\/div>\n                    <\/div><\/div><\/div>\n        <\/div>\n    <\/article><article class=\"eael-grid-post  eael-post-grid-column eael-pg-post-2255 category-bummeln-wanderlust\" data-id=\"2255\">\n        <div class=\"eael-grid-post-holder\">\n            <div class=\"eael-grid-post-holder-inner\"><div class=\"eael-entry-media\"><div class=\"eael-entry-overlay fade-in\"><i class=\"fas fa-long-arrow-alt-right\" aria-hidden=\"true\"><\/i><a href=\"https:\/\/www.von-direkt-vor-der-tuer.de\/index.php\/2020\/07\/27\/hermannsweg-hexenhoehle-und-das-nasse-dreieck\/\"><\/a><\/div><div class=\"eael-entry-thumbnail \">\n                <img loading=\"lazy\" decoding=\"async\" width=\"300\" height=\"135\" src=\"https:\/\/www.von-direkt-vor-der-tuer.de\/wp-content\/uploads\/2020\/07\/c2e0964c-01d2-4452-b476-459281be86f0-300x135.jpeg\" class=\"attachment-medium size-medium wp-image-1894\" alt=\"\" srcset=\"https:\/\/www.von-direkt-vor-der-tuer.de\/wp-content\/uploads\/2020\/07\/c2e0964c-01d2-4452-b476-459281be86f0-300x135.jpeg 300w, https:\/\/www.von-direkt-vor-der-tuer.de\/wp-content\/uploads\/2020\/07\/c2e0964c-01d2-4452-b476-459281be86f0-1024x461.jpeg 1024w, https:\/\/www.von-direkt-vor-der-tuer.de\/wp-content\/uploads\/2020\/07\/c2e0964c-01d2-4452-b476-459281be86f0-768x346.jpeg 768w, https:\/\/www.von-direkt-vor-der-tuer.de\/wp-content\/uploads\/2020\/07\/c2e0964c-01d2-4452-b476-459281be86f0-1536x691.jpeg 1536w, https:\/\/www.von-direkt-vor-der-tuer.de\/wp-content\/uploads\/2020\/07\/c2e0964c-01d2-4452-b476-459281be86f0.jpeg 1600w\" sizes=\"(max-width: 300px) 100vw, 300px\" \/>\n            <\/div>\n        <\/div><div class=\"eael-entry-wrapper\"><header class=\"eael-entry-header\"><h2 class=\"eael-entry-title\"><a class=\"eael-grid-post-link\" href=\"https:\/\/www.von-direkt-vor-der-tuer.de\/index.php\/2020\/07\/27\/hermannsweg-hexenhoehle-und-das-nasse-dreieck\/\" title=\"Hermannsweg, Hexenh\u00f6hle und das Nasse Dreieck\">Hermannsweg, Hexenh\u00f6hle und das Nasse Dreieck<\/a><\/h2><\/header><div class=\"eael-entry-content\">\n                        <div class=\"eael-grid-post-excerpt\"><p>Hermannsweg, Hexenh\u00f6hle und das Nasse Dreieck Zwischen H\u00f6rstel und Bevergern...<\/p><a href=\"https:\/\/www.von-direkt-vor-der-tuer.de\/index.php\/2020\/07\/27\/hermannsweg-hexenhoehle-und-das-nasse-dreieck\/\" class=\"eael-post-elements-readmore-btn\">Mehr<\/a><\/div>\n                    <\/div><\/div><\/div>\n        <\/div>\n    <\/article><article class=\"eael-grid-post  eael-post-grid-column eael-pg-post-1969 category-wanderlust\" data-id=\"1969\">\n        <div class=\"eael-grid-post-holder\">\n            <div class=\"eael-grid-post-holder-inner\"><div class=\"eael-entry-media\"><div class=\"eael-entry-overlay fade-in\"><i class=\"fas fa-long-arrow-alt-right\" aria-hidden=\"true\"><\/i><a href=\"https:\/\/www.von-direkt-vor-der-tuer.de\/index.php\/2020\/07\/23\/hexenpfad\/\"><\/a><\/div><div class=\"eael-entry-thumbnail \">\n                <img loading=\"lazy\" decoding=\"async\" width=\"300\" height=\"200\" src=\"https:\/\/www.von-direkt-vor-der-tuer.de\/wp-content\/uploads\/2020\/07\/Hexenpfad_Slider-300x200.jpg\" class=\"attachment-medium size-medium wp-image-1879\" alt=\"Waldweg mit Nebel und schummerigem Licht\" srcset=\"https:\/\/www.von-direkt-vor-der-tuer.de\/wp-content\/uploads\/2020\/07\/Hexenpfad_Slider-300x200.jpg 300w, https:\/\/www.von-direkt-vor-der-tuer.de\/wp-content\/uploads\/2020\/07\/Hexenpfad_Slider-1024x683.jpg 1024w, https:\/\/www.von-direkt-vor-der-tuer.de\/wp-content\/uploads\/2020\/07\/Hexenpfad_Slider-768x512.jpg 768w, https:\/\/www.von-direkt-vor-der-tuer.de\/wp-content\/uploads\/2020\/07\/Hexenpfad_Slider-1536x1024.jpg 1536w, https:\/\/www.von-direkt-vor-der-tuer.de\/wp-content\/uploads\/2020\/07\/Hexenpfad_Slider-2048x1365.jpg 2048w\" sizes=\"(max-width: 300px) 100vw, 300px\" \/>\n            <\/div>\n        <\/div><div class=\"eael-entry-wrapper\"><header class=\"eael-entry-header\"><h2 class=\"eael-entry-title\"><a class=\"eael-grid-post-link\" href=\"https:\/\/www.von-direkt-vor-der-tuer.de\/index.php\/2020\/07\/23\/hexenpfad\/\" title=\"Hexenpfad\">Hexenpfad<\/a><\/h2><\/header><div class=\"eael-entry-content\">\n                        <div class=\"eael-grid-post-excerpt\"><p>Magisch \u2013 der Hexenpfad in Tecklenburg Zum Thema Wandern mit...<\/p><a href=\"https:\/\/www.von-direkt-vor-der-tuer.de\/index.php\/2020\/07\/23\/hexenpfad\/\" class=\"eael-post-elements-readmore-btn\">Mehr<\/a><\/div>\n                    <\/div><\/div><\/div>\n        <\/div>\n    <\/article><\/div>\n            <div class=\"clearfix\"><\/div>\n        <\/div>\t\t\t\t<\/div>\n\t\t\t\t<\/div>\n\t\t\t\t\t<\/div>\n\t\t<\/div>\n\t\t\t\t\t<\/div>\n\t\t<\/section>\n\t\t\t\t<\/div>\n\t\t","protected":false},"excerpt":{"rendered":"<p>Ausgew\u00e4hlte Geheimtipps und unsere #lieblingspl\u00e4tze im M\u00fcnsterland Stadtpark Emsdetten Der Stadtpark in Emsdetten Au\u00dfflugsziel f\u00fcr Klein und Gro\u00df. Im&#8230; Mehr Hermannsweg, Hexenh\u00f6hle und das Nasse Dreieck Hermannsweg, Hexenh\u00f6hle und das Nasse Dreieck Zwischen H\u00f6rstel und Bevergern&#8230; Mehr Hexenpfad Magisch \u2013 der Hexenpfad in Tecklenburg Zum Thema Wandern mit&#8230; Mehr<\/p>\n","protected":false},"author":9,"featured_media":0,"parent":0,"menu_order":0,"comment_status":"closed","ping_status":"closed","template":"elementor_header_footer","meta":{"site-sidebar-layout":"no-sidebar","site-content-layout":"page-builder","ast-site-content-layout":"default","site-content-style":"default","site-sidebar-style":"default","ast-global-header-display":"","ast-banner-title-visibility":"","ast-main-header-display":"","ast-hfb-above-header-display":"","ast-hfb-below-header-display":"","ast-hfb-mobile-header-display":"","site-post-title":"disabled","ast-breadcrumbs-content":"","ast-featured-img":"disabled","footer-sml-layout":"","ast-disable-related-posts":"","theme-transparent-header-meta":"enabled","adv-header-id-meta":"","stick-header-meta":"","header-above-stick-meta":"","header-main-stick-meta":"","header-below-stick-meta":"","astra-migrate-meta-layouts":"default","ast-page-background-enabled":"default","ast-page-background-meta":{"desktop":{"background-color":"","background-image":"","background-repeat":"repeat","background-position":"center center","background-size":"auto","background-attachment":"scroll","background-type":"","background-media":"","overlay-type":"","overlay-color":"","overlay-opacity":"","overlay-gradient":""},"tablet":{"background-color":"","background-image":"","background-repeat":"repeat","background-position":"center center","background-size":"auto","background-attachment":"scroll","background-type":"","background-media":"","overlay-type":"","overlay-color":"","overlay-opacity":"","overlay-gradient":""},"mobile":{"background-color":"","background-image":"","background-repeat":"repeat","background-position":"center center","background-size":"auto","background-attachment":"scroll","background-type":"","background-media":"","overlay-type":"","overlay-color":"","overlay-opacity":"","overlay-gradient":""}},"ast-content-background-meta":{"desktop":{"background-color":"var(--ast-global-color-5)","background-image":"","background-repeat":"repeat","background-position":"center center","background-size":"auto","background-attachment":"scroll","background-type":"","background-media":"","overlay-type":"","overlay-color":"","overlay-opacity":"","overlay-gradient":""},"tablet":{"background-color":"var(--ast-global-color-5)","background-image":"","background-repeat":"repeat","background-position":"center center","background-size":"auto","background-attachment":"scroll","background-type":"","background-media":"","overlay-type":"","overlay-color":"","overlay-opacity":"","overlay-gradient":""},"mobile":{"background-color":"var(--ast-global-color-5)","background-image":"","background-repeat":"repeat","background-position":"center center","background-size":"auto","background-attachment":"scroll","background-type":"","background-media":"","overlay-type":"","overlay-color":"","overlay-opacity":"","overlay-gradient":""}},"footnotes":""},"class_list":["post-1925","page","type-page","status-publish","hentry"],"_links":{"self":[{"href":"https:\/\/www.von-direkt-vor-der-tuer.de\/index.php\/wp-json\/wp\/v2\/pages\/1925","targetHints":{"allow":["GET"]}}],"collection":[{"href":"https:\/\/www.von-direkt-vor-der-tuer.de\/index.php\/wp-json\/wp\/v2\/pages"}],"about":[{"href":"https:\/\/www.von-direkt-vor-der-tuer.de\/index.php\/wp-json\/wp\/v2\/types\/page"}],"author":[{"embeddable":true,"href":"https:\/\/www.von-direkt-vor-der-tuer.de\/index.php\/wp-json\/wp\/v2\/users\/9"}],"replies":[{"embeddable":true,"href":"https:\/\/www.von-direkt-vor-der-tuer.de\/index.php\/wp-json\/wp\/v2\/comments?post=1925"}],"version-history":[{"count":26,"href":"https:\/\/www.von-direkt-vor-der-tuer.de\/index.php\/wp-json\/wp\/v2\/pages\/1925\/revisions"}],"predecessor-version":[{"id":2533,"href":"https:\/\/www.von-direkt-vor-der-tuer.de\/index.php\/wp-json\/wp\/v2\/pages\/1925\/revisions\/2533"}],"wp:attachment":[{"href":"https:\/\/www.von-direkt-vor-der-tuer.de\/index.php\/wp-json\/wp\/v2\/media?parent=1925"}],"curies":[{"name":"wp","href":"https:\/\/api.w.org\/{rel}","templated":true}]}}