{"id":1981,"date":"2020-07-23T06:56:31","date_gmt":"2020-07-23T06:56:31","guid":{"rendered":"https:\/\/von-direkt-vor-der-tuer.de\/?page_id=1981"},"modified":"2020-11-17T11:06:58","modified_gmt":"2020-11-17T11:06:58","slug":"vondirektvordertuer","status":"publish","type":"page","link":"https:\/\/www.von-direkt-vor-der-tuer.de\/index.php\/dassindwir-vondirektvordertuer\/vondirektvordertuer\/","title":{"rendered":"Von direkt vor der T\u00fcr"},"content":{"rendered":"\t\t<div data-elementor-type=\"wp-post\" data-elementor-id=\"1981\" class=\"elementor elementor-1981\">\n\t\t\t\t\t\t<section data-angle=\"57deg\" data-color=\"#A9CA2B,#99CEF1,#D296C2,#ED8700,#FEEA50\" class=\"has_eae_slider elementor-section elementor-top-section elementor-element elementor-element-2c010cd elementor-section-content-middle elementor-section-stretched elementor-section-height-min-height eae-animated-gradient-yes elementor-section-boxed elementor-section-height-default elementor-section-items-middle\" data-eae-slider=\"85070\" data-id=\"2c010cd\" data-element_type=\"section\" data-e-type=\"section\" data-settings=\"{&quot;background_background&quot;:&quot;slideshow&quot;,&quot;stretch_section&quot;:&quot;section-stretched&quot;,&quot;background_slideshow_gallery&quot;:[],&quot;background_slideshow_loop&quot;:&quot;yes&quot;,&quot;background_slideshow_slide_duration&quot;:5000,&quot;background_slideshow_slide_transition&quot;:&quot;fade&quot;,&quot;background_slideshow_transition_duration&quot;:500}\">\n\t\t\t\t\t\t\t<div class=\"elementor-background-overlay\"><\/div>\n\t\t\t\t\t\t\t<div class=\"elementor-container elementor-column-gap-default\">\n\t\t\t\t\t<div class=\"has_eae_slider elementor-column elementor-col-100 elementor-top-column elementor-element elementor-element-88776b2\" data-eae-slider=\"35478\" data-id=\"88776b2\" data-element_type=\"column\" data-e-type=\"column\" data-settings=\"{&quot;background_background&quot;:&quot;classic&quot;}\">\n\t\t\t<div class=\"elementor-widget-wrap elementor-element-populated\">\n\t\t\t\t\t\t<div class=\"elementor-element elementor-element-e213b42 elementor-widget elementor-widget-image\" data-id=\"e213b42\" data-element_type=\"widget\" data-e-type=\"widget\" data-widget_type=\"image.default\">\n\t\t\t\t<div class=\"elementor-widget-container\">\n\t\t\t\t\t\t\t\t\t\t\t\t\t\t\t<img fetchpriority=\"high\" decoding=\"async\" width=\"768\" height=\"545\" src=\"https:\/\/www.von-direkt-vor-der-tuer.de\/wp-content\/uploads\/2020\/07\/Postkarten_gruesse_von_direkt_vor_der_tu\u0308r_A5_4c_RZ01-768x545.png\" class=\"attachment-medium_large size-medium_large wp-image-2023\" alt=\"\" srcset=\"https:\/\/www.von-direkt-vor-der-tuer.de\/wp-content\/uploads\/2020\/07\/Postkarten_gruesse_von_direkt_vor_der_tu\u0308r_A5_4c_RZ01-768x545.png 768w, https:\/\/www.von-direkt-vor-der-tuer.de\/wp-content\/uploads\/2020\/07\/Postkarten_gruesse_von_direkt_vor_der_tu\u0308r_A5_4c_RZ01-300x213.png 300w, https:\/\/www.von-direkt-vor-der-tuer.de\/wp-content\/uploads\/2020\/07\/Postkarten_gruesse_von_direkt_vor_der_tu\u0308r_A5_4c_RZ01-1024x726.png 1024w, https:\/\/www.von-direkt-vor-der-tuer.de\/wp-content\/uploads\/2020\/07\/Postkarten_gruesse_von_direkt_vor_der_tu\u0308r_A5_4c_RZ01-1536x1090.png 1536w, https:\/\/www.von-direkt-vor-der-tuer.de\/wp-content\/uploads\/2020\/07\/Postkarten_gruesse_von_direkt_vor_der_tu\u0308r_A5_4c_RZ01-2048x1453.png 2048w\" sizes=\"(max-width: 768px) 100vw, 768px\" \/>\t\t\t\t\t\t\t\t\t\t\t\t\t\t\t<\/div>\n\t\t\t\t<\/div>\n\t\t\t\t\t<\/div>\n\t\t<\/div>\n\t\t\t\t\t<\/div>\n\t\t<\/section>\n\t\t\t\t<section class=\"has_eae_slider elementor-section elementor-top-section elementor-element elementor-element-69b527f elementor-section-boxed elementor-section-height-default elementor-section-height-default\" data-eae-slider=\"4428\" data-id=\"69b527f\" data-element_type=\"section\" data-e-type=\"section\">\n\t\t\t\t\t\t<div class=\"elementor-container elementor-column-gap-default\">\n\t\t\t\t\t<div class=\"has_eae_slider elementor-column elementor-col-100 elementor-top-column elementor-element elementor-element-6a433a6\" data-eae-slider=\"24232\" data-id=\"6a433a6\" data-element_type=\"column\" data-e-type=\"column\">\n\t\t\t<div class=\"elementor-widget-wrap elementor-element-populated\">\n\t\t\t\t\t\t<div class=\"elementor-element elementor-element-c6097a5 elementor-widget elementor-widget-heading\" data-id=\"c6097a5\" data-element_type=\"widget\" data-e-type=\"widget\" data-widget_type=\"heading.default\">\n\t\t\t\t<div class=\"elementor-widget-container\">\n\t\t\t\t\t<h2 class=\"elementor-heading-title elementor-size-default\">Genuss von direkt vor der T\u00fcr<\/h2>\t\t\t\t<\/div>\n\t\t\t\t<\/div>\n\t\t\t\t<div class=\"elementor-element elementor-element-b7ee127 elementor-widget elementor-widget-spacer\" data-id=\"b7ee127\" data-element_type=\"widget\" data-e-type=\"widget\" data-widget_type=\"spacer.default\">\n\t\t\t\t<div class=\"elementor-widget-container\">\n\t\t\t\t\t\t\t<div class=\"elementor-spacer\">\n\t\t\t<div class=\"elementor-spacer-inner\"><\/div>\n\t\t<\/div>\n\t\t\t\t\t\t<\/div>\n\t\t\t\t<\/div>\n\t\t\t\t\t<\/div>\n\t\t<\/div>\n\t\t\t\t\t<\/div>\n\t\t<\/section>\n\t\t\t\t<section class=\"has_eae_slider elementor-section elementor-top-section elementor-element elementor-element-dbca80b elementor-section-boxed elementor-section-height-default elementor-section-height-default\" data-eae-slider=\"23317\" data-id=\"dbca80b\" data-element_type=\"section\" data-e-type=\"section\">\n\t\t\t\t\t\t<div class=\"elementor-container elementor-column-gap-default\">\n\t\t\t\t\t<div class=\"has_eae_slider elementor-column elementor-col-50 elementor-top-column elementor-element elementor-element-23a948d\" data-eae-slider=\"74024\" data-id=\"23a948d\" data-element_type=\"column\" data-e-type=\"column\">\n\t\t\t<div class=\"elementor-widget-wrap elementor-element-populated\">\n\t\t\t\t\t\t<div class=\"elementor-element elementor-element-a451e58 elementor-widget elementor-widget-text-editor\" data-id=\"a451e58\" data-element_type=\"widget\" data-e-type=\"widget\" data-widget_type=\"text-editor.default\">\n\t\t\t\t<div class=\"elementor-widget-container\">\n\t\t\t\t\t\t\t\t\t<p>Mitten im M\u00fcnsterland, genauer gesagt in Emsdetten, sprudelt seit \u00fcber 25 Jahren der einzige Mineralbrunnenbetrieb der Region. Heute wird das Familienunternehmen von den Geschwistern Heike und Guido Sch\u00fcrk\u00f6tter gef\u00fchrt.&nbsp; Mit 85 engagierten Mitarbeiterinnen und Mitarbeitern und einem Absatz von j\u00e4hrlich \u00fcber 150 Mio. Flaschen, z\u00e4hlt Salvus heute zu den TOP 30 der rund 200 Mineralbrunnen in Deutschland.<\/p>\n<p>Immer mehr Menschen setzen auf bewussten Genuss und somit auf Lebensmittel und Produkte aus ihrer direkten Umgebung. Denn wer Produkten von nebenan den Vorzug gibt, spart nicht nur Transportwege und Co2-Emissionen, sondern unterst\u00fctzt auch Unternehmen und Hersteller aus der eigenen Region.<\/p>\n<div>\n<p>Bei allem unternehmerischen Tatendrang zeigt sich das Familien-unternehmen aber auch immer wieder seiner Heimat verpflichtet und unterst\u00fctzt verschiedene regionale Sportvereine, soziale Einrichtungen und kulturelle Veranstaltungen. Das Credo der Geschwister: \u201eAls Unternehmer hat man auch eine soziale Verantwortung. F\u00fcr uns ist es selbstverst\u00e4ndlich unserer Heimat und der Region auch etwas zur\u00fcckzugeben.\u201c<\/p>\n<p><\/p>\n<\/div>\t\t\t\t\t\t\t\t<\/div>\n\t\t\t\t<\/div>\n\t\t\t\t\t<\/div>\n\t\t<\/div>\n\t\t\t\t<div class=\"has_eae_slider elementor-column elementor-col-50 elementor-top-column elementor-element elementor-element-40cf8e2\" data-eae-slider=\"74613\" data-id=\"40cf8e2\" data-element_type=\"column\" data-e-type=\"column\">\n\t\t\t<div class=\"elementor-widget-wrap elementor-element-populated\">\n\t\t\t\t\t\t<div class=\"elementor-element elementor-element-15068f8 elementor-widget elementor-widget-image\" data-id=\"15068f8\" data-element_type=\"widget\" data-e-type=\"widget\" data-widget_type=\"image.default\">\n\t\t\t\t<div class=\"elementor-widget-container\">\n\t\t\t\t\t\t\t\t\t\t\t\t\t\t\t<img decoding=\"async\" width=\"1024\" height=\"612\" src=\"https:\/\/www.von-direkt-vor-der-tuer.de\/wp-content\/uploads\/2020\/07\/Kisten_HS_GS_retusche_-scaled-e1595575247821-1024x612.jpg\" class=\"attachment-large size-large wp-image-2100\" alt=\"Frau Sch\u00fcrk\u00f6tter und Herr Sch\u00fcrk\u00f6tter stehen vor Salvus Kisten\" srcset=\"https:\/\/www.von-direkt-vor-der-tuer.de\/wp-content\/uploads\/2020\/07\/Kisten_HS_GS_retusche_-scaled-e1595575247821-1024x612.jpg 1024w, https:\/\/www.von-direkt-vor-der-tuer.de\/wp-content\/uploads\/2020\/07\/Kisten_HS_GS_retusche_-scaled-e1595575247821-300x179.jpg 300w, https:\/\/www.von-direkt-vor-der-tuer.de\/wp-content\/uploads\/2020\/07\/Kisten_HS_GS_retusche_-scaled-e1595575247821-768x459.jpg 768w, https:\/\/www.von-direkt-vor-der-tuer.de\/wp-content\/uploads\/2020\/07\/Kisten_HS_GS_retusche_-scaled-e1595575247821-1536x917.jpg 1536w, https:\/\/www.von-direkt-vor-der-tuer.de\/wp-content\/uploads\/2020\/07\/Kisten_HS_GS_retusche_-scaled-e1595575247821-2048x1223.jpg 2048w\" sizes=\"(max-width: 1024px) 100vw, 1024px\" \/>\t\t\t\t\t\t\t\t\t\t\t\t\t\t\t<\/div>\n\t\t\t\t<\/div>\n\t\t\t\t<div class=\"elementor-element elementor-element-5459ac0 elementor-widget elementor-widget-spacer\" data-id=\"5459ac0\" data-element_type=\"widget\" data-e-type=\"widget\" data-widget_type=\"spacer.default\">\n\t\t\t\t<div class=\"elementor-widget-container\">\n\t\t\t\t\t\t\t<div class=\"elementor-spacer\">\n\t\t\t<div class=\"elementor-spacer-inner\"><\/div>\n\t\t<\/div>\n\t\t\t\t\t\t<\/div>\n\t\t\t\t<\/div>\n\t\t\t\t<div class=\"elementor-element elementor-element-9ecbc05 elementor-widget elementor-widget-text-editor\" data-id=\"9ecbc05\" data-element_type=\"widget\" data-e-type=\"widget\" data-widget_type=\"text-editor.default\">\n\t\t\t\t<div class=\"elementor-widget-container\">\n\t\t\t\t\t\t\t\t\t<p>Mit einem Herzensprojekt kommt Salvus \u201evon direkt vor der T\u00fcr\u201c auf die \nTische der Kunden. Frisch, bunt und strahlend, so pr\u00e4sentieren die neuen\n Etiketten die Produktlinie freundlicher und lebendiger \u2013 Lebensfreude \neben. Und sollte man das M\u00fcnsterland und sein Lebensgef\u00fchl beschreiben, \nso w\u00fcrde man wohl sagen, ehrlich und voller Lebensfreude.<\/p>\t\t\t\t\t\t\t\t<\/div>\n\t\t\t\t<\/div>\n\t\t\t\t\t<\/div>\n\t\t<\/div>\n\t\t\t\t\t<\/div>\n\t\t<\/section>\n\t\t\t\t<section class=\"has_eae_slider elementor-section elementor-top-section elementor-element elementor-element-7a5bbcc elementor-section-full_width elementor-section-height-default elementor-section-height-default\" data-eae-slider=\"81341\" data-id=\"7a5bbcc\" data-element_type=\"section\" data-e-type=\"section\">\n\t\t\t\t\t\t<div class=\"elementor-container elementor-column-gap-wide\">\n\t\t\t\t\t<div class=\"has_eae_slider elementor-column elementor-col-100 elementor-top-column elementor-element elementor-element-68360de\" data-eae-slider=\"77888\" data-id=\"68360de\" data-element_type=\"column\" data-e-type=\"column\">\n\t\t\t<div class=\"elementor-widget-wrap elementor-element-populated\">\n\t\t\t\t\t\t<div class=\"elementor-element elementor-element-535b9a2 elementor-widget elementor-widget-image\" data-id=\"535b9a2\" data-element_type=\"widget\" data-e-type=\"widget\" data-widget_type=\"image.default\">\n\t\t\t\t<div class=\"elementor-widget-container\">\n\t\t\t\t\t\t\t\t\t\t\t\t\t\t\t<img decoding=\"async\" width=\"1754\" height=\"415\" src=\"https:\/\/www.von-direkt-vor-der-tuer.de\/wp-content\/uploads\/2020\/07\/flaschenreihe_2020_komplett.png\" class=\"attachment-2048x2048 size-2048x2048 wp-image-2461\" alt=\"\" srcset=\"https:\/\/www.von-direkt-vor-der-tuer.de\/wp-content\/uploads\/2020\/07\/flaschenreihe_2020_komplett.png 1754w, https:\/\/www.von-direkt-vor-der-tuer.de\/wp-content\/uploads\/2020\/07\/flaschenreihe_2020_komplett-300x71.png 300w, https:\/\/www.von-direkt-vor-der-tuer.de\/wp-content\/uploads\/2020\/07\/flaschenreihe_2020_komplett-1024x242.png 1024w, https:\/\/www.von-direkt-vor-der-tuer.de\/wp-content\/uploads\/2020\/07\/flaschenreihe_2020_komplett-768x182.png 768w, https:\/\/www.von-direkt-vor-der-tuer.de\/wp-content\/uploads\/2020\/07\/flaschenreihe_2020_komplett-1536x363.png 1536w\" sizes=\"(max-width: 1754px) 100vw, 1754px\" \/>\t\t\t\t\t\t\t\t\t\t\t\t\t\t\t<\/div>\n\t\t\t\t<\/div>\n\t\t\t\t\t<\/div>\n\t\t<\/div>\n\t\t\t\t\t<\/div>\n\t\t<\/section>\n\t\t\t\t<\/div>\n\t\t","protected":false},"excerpt":{"rendered":"<p>Genuss von direkt vor der T\u00fcr Mitten im M\u00fcnsterland, genauer gesagt in Emsdetten, sprudelt seit \u00fcber 25 Jahren der einzige Mineralbrunnenbetrieb der Region. Heute wird das Familienunternehmen von den Geschwistern Heike und Guido Sch\u00fcrk\u00f6tter gef\u00fchrt.&nbsp; Mit 85 engagierten Mitarbeiterinnen und Mitarbeitern und einem Absatz von j\u00e4hrlich \u00fcber 150 Mio. Flaschen, z\u00e4hlt Salvus heute zu den [&hellip;]<\/p>\n","protected":false},"author":9,"featured_media":0,"parent":96,"menu_order":0,"comment_status":"closed","ping_status":"closed","template":"elementor_header_footer","meta":{"site-sidebar-layout":"no-sidebar","site-content-layout":"page-builder","ast-site-content-layout":"default","site-content-style":"default","site-sidebar-style":"default","ast-global-header-display":"","ast-banner-title-visibility":"","ast-main-header-display":"","ast-hfb-above-header-display":"","ast-hfb-below-header-display":"","ast-hfb-mobile-header-display":"","site-post-title":"disabled","ast-breadcrumbs-content":"","ast-featured-img":"disabled","footer-sml-layout":"","ast-disable-related-posts":"","theme-transparent-header-meta":"enabled","adv-header-id-meta":"","stick-header-meta":"","header-above-stick-meta":"","header-main-stick-meta":"","header-below-stick-meta":"","astra-migrate-meta-layouts":"default","ast-page-background-enabled":"default","ast-page-background-meta":{"desktop":{"background-color":"","background-image":"","background-repeat":"repeat","background-position":"center center","background-size":"auto","background-attachment":"scroll","background-type":"","background-media":"","overlay-type":"","overlay-color":"","overlay-opacity":"","overlay-gradient":""},"tablet":{"background-color":"","background-image":"","background-repeat":"repeat","background-position":"center center","background-size":"auto","background-attachment":"scroll","background-type":"","background-media":"","overlay-type":"","overlay-color":"","overlay-opacity":"","overlay-gradient":""},"mobile":{"background-color":"","background-image":"","background-repeat":"repeat","background-position":"center center","background-size":"auto","background-attachment":"scroll","background-type":"","background-media":"","overlay-type":"","overlay-color":"","overlay-opacity":"","overlay-gradient":""}},"ast-content-background-meta":{"desktop":{"background-color":"var(--ast-global-color-5)","background-image":"","background-repeat":"repeat","background-position":"center center","background-size":"auto","background-attachment":"scroll","background-type":"","background-media":"","overlay-type":"","overlay-color":"","overlay-opacity":"","overlay-gradient":""},"tablet":{"background-color":"var(--ast-global-color-5)","background-image":"","background-repeat":"repeat","background-position":"center center","background-size":"auto","background-attachment":"scroll","background-type":"","background-media":"","overlay-type":"","overlay-color":"","overlay-opacity":"","overlay-gradient":""},"mobile":{"background-color":"var(--ast-global-color-5)","background-image":"","background-repeat":"repeat","background-position":"center center","background-size":"auto","background-attachment":"scroll","background-type":"","background-media":"","overlay-type":"","overlay-color":"","overlay-opacity":"","overlay-gradient":""}},"footnotes":""},"class_list":["post-1981","page","type-page","status-publish","hentry"],"_links":{"self":[{"href":"https:\/\/www.von-direkt-vor-der-tuer.de\/index.php\/wp-json\/wp\/v2\/pages\/1981","targetHints":{"allow":["GET"]}}],"collection":[{"href":"https:\/\/www.von-direkt-vor-der-tuer.de\/index.php\/wp-json\/wp\/v2\/pages"}],"about":[{"href":"https:\/\/www.von-direkt-vor-der-tuer.de\/index.php\/wp-json\/wp\/v2\/types\/page"}],"author":[{"embeddable":true,"href":"https:\/\/www.von-direkt-vor-der-tuer.de\/index.php\/wp-json\/wp\/v2\/users\/9"}],"replies":[{"embeddable":true,"href":"https:\/\/www.von-direkt-vor-der-tuer.de\/index.php\/wp-json\/wp\/v2\/comments?post=1981"}],"version-history":[{"count":32,"href":"https:\/\/www.von-direkt-vor-der-tuer.de\/index.php\/wp-json\/wp\/v2\/pages\/1981\/revisions"}],"predecessor-version":[{"id":2603,"href":"https:\/\/www.von-direkt-vor-der-tuer.de\/index.php\/wp-json\/wp\/v2\/pages\/1981\/revisions\/2603"}],"up":[{"embeddable":true,"href":"https:\/\/www.von-direkt-vor-der-tuer.de\/index.php\/wp-json\/wp\/v2\/pages\/96"}],"wp:attachment":[{"href":"https:\/\/www.von-direkt-vor-der-tuer.de\/index.php\/wp-json\/wp\/v2\/media?parent=1981"}],"curies":[{"name":"wp","href":"https:\/\/api.w.org\/{rel}","templated":true}]}}